{"id":2034,"date":"2022-08-12T12:07:36","date_gmt":"2022-08-12T10:07:36","guid":{"rendered":"https:\/\/copal.ba\/pergola\/textile-pergola\/textil-pergola-mood\/"},"modified":"2023-02-10T10:41:36","modified_gmt":"2023-02-10T10:41:36","slug":"mood","status":"publish","type":"page","link":"https:\/\/copal.ba\/de\/pergole\/tekstilne\/mood\/","title":{"rendered":"Textil-Pergola Mood"},"content":{"rendered":"<p><section class=\"kc-elm kc-css-696553 kc_row\"><div class=\"kc-row-container kc-container container\"><div class=\"row\"><div class=\"kc-elm kc-css-530602 kc_col-sm-12 kc_column kc_col-sm-12\"><div class=\"kc-col-container\">\n<div class=\"kc-elm kc-css-733426 kc-title-wrap \">\n\n\t<h1 class=\"kc_title\">Textil-Pergola <span style=\"color:#e7e900\">Mood<\/em>.<\/h1>\n<\/div>\n<\/div><\/div><\/div><\/div><\/section><section class=\"kc-elm kc-css-844934 kc_row\"><div class=\"kc-row-container kc-container container\"><div class=\"row\"><div class=\"kc-elm kc-css-611030 kc_col-sm-12 kc_column kc_col-sm-12\"><div class=\"kc-col-container\"><div data-open-on-mouseover=\"\" data-tab-active=\"1\" data-effect-option=\"\" class=\"kc-elm kc-css-734333 kc_tabs group konfigurator-holder\">\n    <div class=\"kc_wrapper ui-tabs kc_clearfix\">\n        <ul class=\"kc_tabs_nav ui-tabs-nav kc_clearfix\">\n            <li><a href=\"#\" data-prevent=\"scroll\">Informationen<\/a><\/li><li> <a href=\"#\">Konfigurator<\/a><\/li><li><a href=\"#\" data-prevent=\"scroll\">Spezifikationen<\/a><\/li><li><a href=\"#\" data-prevent=\"scroll\">M\u00f6glichkeiten<\/a><\/li>        <\/ul>\n        <div id=\"informationen\" class=\"kc-elm kc-css-983525 kc_tab ui-tabs-panel kc_ui-tabs-hide kc_clearfix \"><div class=\"kc_tab_content\">\n<div class=\"kc-elm kc-css-331961 copal-mobile-accordion\">\n    <a class=\"kc_button mobile-accordion\" href=\"#\" onclick=\"\">\n        :lt:span:gt:01:lt:\/span:gt: Informationen    <\/a>\n<\/div><div class=\"kc-elm kc-css-539274 kc_row kc_row_inner\"><div class=\"kc-elm kc-css-664607 kc_col-sm-6 kc_column_inner kc_col-sm-6\"><div class=\"kc_wrapper kc-col-inner-container\"><div class=\"kc-elm kc-css-979636 kc_shortcode kc_single_image\">\n\n        <img decoding=\"async\" src=\"https:\/\/copal.ba\/wp-content\/uploads\/2022\/08\/Mood3-e1632500972627.jpg\" class=\"\" alt=\"\" \/>    <\/div>\n<\/div><\/div><div class=\"kc-elm kc-css-595518 kc_col-sm-6 kc_column_inner kc_col-sm-6\"><div class=\"kc_wrapper kc-col-inner-container\">\n<div class=\"kc-elm kc-css-884251 kc-title-wrap \">\n\n\t<h2 class=\"kc_title\">Textil-Pergola Mood<\/h2>\n<\/div>\n<div class=\"kc-elm kc-css-443803 kc_text_block\"><\/p>\n<p>\nMood Pergola ist die ideale L\u00f6sung f\u00fcr die \u00dcberdachung sehr gro\u00dfer R\u00e4ume wie Restaurants, der oberen Abdeckung von Schwimmb\u00e4dern, Terrassen vor Hotels, Kinderg\u00e4rten und vielen anderen gro\u00dfen Fl\u00e4chen, auf denen Sie ein minimalistisches Design und maximalen Wohnkomfort im Freien bieten m\u00f6chten.<\/p>\n<p>ZIP-Vorh\u00e4nge, Glas-Gleitt\u00fcren, LED-Beleuchtung, Guillotine-Fenster k\u00f6nnen problemlos in die Mood-Pergola integriert werden. Auch bei ge\u00f6ffnetem Dach des Systems l\u00e4sst sich \u00fcber LED-Kan\u00e4le in den Tr\u00e4gern eine Ambientebeleuchtung erzeugen.<\/p>\n<p>Eine einfache Integration anderer Produkte wie ZIP-Jalousien, Glas-Gleitt\u00fcren, LED-Beleuchtung und Guillotine ist m\u00f6glich. Auch bei ge\u00f6ffnetem Dach des Systems l\u00e4sst sich \u00fcber LED-Kan\u00e4le in den Tr\u00e4gern eine Ambientebeleuchtung erzeugen.<\/p>\n<p>Es besteht die M\u00f6glichkeit der Ausf\u00fchrung der Dachneigung von 5 bis 45 Grad. Ein weiteres Merkmal des Systems ist, dass versteckte elektrische Leitungen innerhalb des Profils der Vorderbeine verlegt werden k\u00f6nnen.<\/p>\n<p>\n<\/div>\n<div class=\"kc-elm kc-css-764246 kc-animated kc-animate-eff-fadeIn\">\n    <a class=\"kc_button\" href=\"https:\/\/copal.ba\/wp-content\/uploads\/2023\/01\/005.Mood-Pergola-BS-EN.pdf\" target=\"_blank\" title=\"\" onclick=\"\">\n        Brosch\u00fcre herunterladen    <\/a>\n<\/div><\/div><\/div><\/div><\/div><\/div><div id=\"konfigurator\" class=\"kc-elm kc-css-723343 kc_tab ui-tabs-panel kc_ui-tabs-hide kc_clearfix konfigurator\"><div class=\"kc_tab_content\">\n<div class=\"kc-elm kc-css-44263 copal-mobile-accordion\">\n    <a class=\"kc_button mobile-accordion mobile-konfigurator\" href=\"#\" onclick=\"\">\n        :lt:span:gt:02:lt:\/span:gt: Konfigurator    <\/a>\n<\/div>\n<div class=\"kc-elm kc-css-69503 kc-title-wrap \">\n\n\t<h3 class=\"kc_title\">Loading...<\/h3>\n<\/div>\n<\/div><\/div><div id=\"spezifikationen\" class=\"kc-elm kc-css-696457 kc_tab ui-tabs-panel kc_ui-tabs-hide kc_clearfix \"><div class=\"kc_tab_content\">\n<div class=\"kc-elm kc-css-340270 copal-mobile-accordion\">\n    <a class=\"kc_button mobile-accordion\" href=\"#\" onclick=\"\">\n        :lt:span:gt:03:lt:\/span:gt: Spezifikationen    <\/a>\n<\/div><div class=\"kc-elm kc-css-679013 kc_row kc_row_inner\"><div class=\"kc-elm kc-css-933919 kc_col-sm-4 kc_column_inner kc_col-sm-4\"><div class=\"kc_wrapper kc-col-inner-container\">\n<div class=\"kc-elm kc-css-432610 kc-title-wrap \">\n\n\t<h3 class=\"kc_title\">Ableitung von Regenwasser<\/h3>\n<\/div>\n<div class=\"kc-elm kc-css-626884 kc_text_block\"><\/p>\n<p>\nEntw\u00e4sserungssystem freier Fall<\/p>\n<p>\n<\/div><\/div><\/div><div class=\"kc-elm kc-css-273330 kc_col-sm-4 kc_column_inner kc_col-sm-4\"><div class=\"kc_wrapper kc-col-inner-container\">\n<div class=\"kc-elm kc-css-563382 kc-title-wrap \">\n\n\t<h3 class=\"kc_title\">Sicherheit<\/h3>\n<\/div>\n<div class=\"kc-elm kc-css-172868 kc_text_block\"><\/p>\n<p>\nVersteckte Wasser- und Stromleitungen<\/p>\n<p>\n<\/div><\/div><\/div><div class=\"kc-elm kc-css-229275 kc_col-sm-4 kc_column_inner kc_col-sm-4\"><div class=\"kc_wrapper kc-col-inner-container\">\n<div class=\"kc-elm kc-css-79514 kc-title-wrap \">\n\n\t<h3 class=\"kc_title\">Materiale<\/h3>\n<\/div>\n<div class=\"kc-elm kc-css-791995 kc_text_block\"><\/p>\n<p>\n6063 t5 Aluminium, Edelstahl<\/p>\n<p>\n<\/div><\/div><\/div><\/div><div class=\"kc-elm kc-css-846992 kc_row kc_row_inner\"><div class=\"kc-elm kc-css-266864 kc_col-sm-4 kc_column_inner kc_col-sm-4\"><div class=\"kc_wrapper kc-col-inner-container\">\n<div class=\"kc-elm kc-css-587980 kc-title-wrap \">\n\n\t<h3 class=\"kc_title\">Verstellbares Dach<\/h3>\n<\/div>\n<div class=\"kc-elm kc-css-949964 kc_text_block\"><\/p>\n<p>\nZum \u00d6ffnen und Schlie\u00dfen des Stoffdachs wird ein spezielles patentiertes Design verwendet, das durch die Verwendung eines 10-Rad-Antriebssystems verbessert ist.<\/p>\n<p>\n<\/div><\/div><\/div><div class=\"kc-elm kc-css-947690 kc_col-sm-4 kc_column_inner kc_col-sm-4\"><div class=\"kc_wrapper kc-col-inner-container\">\n<div class=\"kc-elm kc-css-158190 kc-title-wrap \">\n\n\t<h3 class=\"kc_title\">Motorantrieb<\/h3>\n<\/div>\n<div class=\"kc-elm kc-css-245388 kc_text_block\"><\/p>\n<p>\nDer 24-V-Gleichstrommotor (Niederspannung) bietet eine bessere Sicherheit vor Stromschl\u00e4gen. Zus\u00e4tzlicher Erdungsschutz.<\/p>\n<p>\n<\/div><\/div><\/div><div class=\"kc-elm kc-css-473638 kc_col-sm-4 kc_column_inner kc_col-sm-4\"><div class=\"kc_wrapper kc-col-inner-container\">\n<div class=\"kc-elm kc-css-152866 kc-title-wrap \">\n\n\t<h3 class=\"kc_title\">Oberfl\u00e4chenschutz<\/h3>\n<\/div>\n<div class=\"kc-elm kc-css-206288 kc_text_block\"><\/p>\n<p>\nQualicoat, Qualideco und Qualanod zertifizierte Farbe, Holzeffekte und anodisierte Produkte haben eine 10-j\u00e4hrige Garantie auf den Oberfl\u00e4chenschutz.<\/p>\n<p>\n<\/div><\/div><\/div><\/div><div class=\"kc-elm kc-css-366769 kc_row kc_row_inner\"><div class=\"kc-elm kc-css-7376 kc_col-sm-3 kc_column_inner kc_col-sm-3\"><div class=\"kc_wrapper kc-col-inner-container\"><\/div><\/div><div class=\"kc-elm kc-css-957047 kc_col-sm-6 kc_column_inner kc_col-sm-6\"><div class=\"kc_wrapper kc-col-inner-container\"><div class=\"kc-elm kc-css-31752 kc_shortcode kc_single_image\">\n\n        <img decoding=\"async\" src=\"https:\/\/copal.ba\/wp-content\/uploads\/2022\/09\/era-modul.jpg\" class=\"\" alt=\"\" \/>    <\/div>\n<\/div><\/div><div class=\"kc-elm kc-css-42579 kc_col-sm-3 kc_column_inner kc_col-sm-3\"><div class=\"kc_wrapper kc-col-inner-container\"><\/div><\/div><\/div><\/div><\/div><div id=\"moeglichkeiten\" class=\"kc-elm kc-css-905733 kc_tab ui-tabs-panel kc_ui-tabs-hide kc_clearfix \"><div class=\"kc_tab_content\">\n<div class=\"kc-elm kc-css-544969 copal-mobile-accordion\">\n    <a class=\"kc_button mobile-accordion\" href=\"#\" onclick=\"\">\n        :lt:span:gt:04:lt:\/span:gt: M\u00f6glichkeiten    <\/a>\n<\/div><div data-kc-equalheight=\"true\" data-kc-row-action=\"true\" data-kc-equalheight-align=\"bottom\" class=\"kc-elm kc-css-139672 kc_row kc_row_inner\"><div class=\"kc-elm kc-css-5675 kc_col-sm-3 kc_column_inner kc_col-sm-3\"><div class=\"kc_wrapper kc-col-inner-container\"><div class=\"kc-elm kc-css-299323 kc_shortcode kc_single_image\">\n\n        <img decoding=\"async\" src=\"https:\/\/copal.ba\/wp-content\/uploads\/2022\/09\/zastita-od-sunca-era.jpg\" class=\"\" alt=\"\" \/>    \t    <p class=\"scapt\">Sonnenschutz<\/p>\n\t    <\/div>\n<\/div><\/div><div class=\"kc-elm kc-css-651417 kc_col-sm-3 kc_column_inner kc_col-sm-3\"><div class=\"kc_wrapper kc-col-inner-container\"><div class=\"kc-elm kc-css-225643 kc_shortcode kc_single_image\">\n\n        <img decoding=\"async\" src=\"https:\/\/copal.ba\/wp-content\/uploads\/2022\/09\/prirodna-ventilacija-era.jpg\" class=\"\" alt=\"\" \/>    \t    <p class=\"scapt\">Nat\u00fcrliche Bel\u00fcftung<\/p>\n\t    <\/div>\n<\/div><\/div><div class=\"kc-elm kc-css-474817 kc_col-sm-3 kc_column_inner kc_col-sm-3\"><div class=\"kc_wrapper kc-col-inner-container\"><div class=\"kc-elm kc-css-85639 kc_shortcode kc_single_image\">\n\n        <img decoding=\"async\" src=\"https:\/\/copal.ba\/wp-content\/uploads\/2022\/09\/prilagodljiva-temperatura-era.jpg\" class=\"\" alt=\"\" \/>    \t    <p class=\"scapt\">Einstellbare Temperatur<\/p>\n\t    <\/div>\n<\/div><\/div><div class=\"kc-elm kc-css-907598 kc_col-sm-3 kc_column_inner kc_col-sm-3\"><div class=\"kc_wrapper kc-col-inner-container\"><div class=\"kc-elm kc-css-741809 kc_shortcode kc_single_image\">\n\n        <img decoding=\"async\" src=\"https:\/\/copal.ba\/wp-content\/uploads\/2022\/09\/zastita-od-kise-odvodnja-viska-vode-era.jpg\" class=\"\" alt=\"\" \/>    \t    <p class=\"scapt\">Regenschutz, Ableitung von \u00fcbersch\u00fcssigem Wasser<\/p>\n\t    <\/div>\n<\/div><\/div><\/div><\/div><\/div>    <\/div>\n    <script>\n        jQuery(document).ready(function() {\n            jQuery('#opce-informacije .kc_tab_content').addClass('active');\n\n            jQuery('div.copal-mobile-accordion a.mobile-accordion').click(function(e) {\n                e.preventDefault();\n                if (jQuery(this).hasClass('mobile-konfigurator')) {\n                    jQuery('.kc_tab_content').removeClass('active');\n                    jQuery(this).parent().parent().addClass('active');\n                    var cPergola = window.location.href;\n                    cPergola = cPergola.split(\"\/\");\n                    var tPergola = cPergola[cPergola.length - 3];\n                    cPergola = cPergola[cPergola.length - 2];\n\n                    \n\n                    if (cPergola !== \"onega\") {\n                        tPergola = \"pergole\/\" + tPergola;\n                    }\n\t\t\t\t\t\n\t\t\t\t\t\n\n                   if(getLangCode === \"de\"){\n\t\t\t\tlocation.href =\n                \"https:\/\/\" +\n                window.location.hostname + \"\/de\/\" +\n                tPergola +\n                \"\/konfigurator\/?cPergola=\" +\n                cPergola;\n\t\t\t} else {\n\t\t\t\tlocation.href =\n                \"https:\/\/\" +\n                window.location.hostname + \"\/\" +\n                tPergola +\n                \"\/konfigurator\/?cPergola=\" +\n                cPergola;\n\t\t\t}\n                } else {\n                    jQuery('.kc_tab_content').removeClass('active');\n                    jQuery(this).parent().parent().addClass('active');\n                }\n            });\n        })\n    <\/script>\n<\/div><\/div><\/div><\/div><\/div><\/section><\/p>\n","protected":false},"excerpt":{"rendered":"","protected":false},"author":1,"featured_media":1471,"parent":2028,"menu_order":0,"comment_status":"closed","ping_status":"closed","template":"","meta":{"footnotes":""},"class_list":["post-2034","page","type-page","status-publish","has-post-thumbnail","hentry"],"acf":[],"_links":{"self":[{"href":"https:\/\/copal.ba\/de\/wp-json\/wp\/v2\/pages\/2034","targetHints":{"allow":["GET"]}}],"collection":[{"href":"https:\/\/copal.ba\/de\/wp-json\/wp\/v2\/pages"}],"about":[{"href":"https:\/\/copal.ba\/de\/wp-json\/wp\/v2\/types\/page"}],"author":[{"embeddable":true,"href":"https:\/\/copal.ba\/de\/wp-json\/wp\/v2\/users\/1"}],"replies":[{"embeddable":true,"href":"https:\/\/copal.ba\/de\/wp-json\/wp\/v2\/comments?post=2034"}],"version-history":[{"count":2,"href":"https:\/\/copal.ba\/de\/wp-json\/wp\/v2\/pages\/2034\/revisions"}],"predecessor-version":[{"id":2318,"href":"https:\/\/copal.ba\/de\/wp-json\/wp\/v2\/pages\/2034\/revisions\/2318"}],"up":[{"embeddable":true,"href":"https:\/\/copal.ba\/de\/wp-json\/wp\/v2\/pages\/2028"}],"wp:featuredmedia":[{"embeddable":true,"href":"https:\/\/copal.ba\/de\/wp-json\/wp\/v2\/media\/1471"}],"wp:attachment":[{"href":"https:\/\/copal.ba\/de\/wp-json\/wp\/v2\/media?parent=2034"}],"curies":[{"name":"wp","href":"https:\/\/api.w.org\/{rel}","templated":true}]}}